{"id":6113,"date":"2026-04-10T07:31:57","date_gmt":"2026-04-10T07:31:57","guid":{"rendered":"https:\/\/laseregravyr.hemsida.eu\/?post_type=product&#038;p=6113"},"modified":"2026-04-10T09:10:11","modified_gmt":"2026-04-10T09:10:11","slug":"ficklampa-5","status":"publish","type":"product","link":"https:\/\/laseregravyr.hemsida.eu\/index.php\/product\/ficklampa-5\/","title":{"rendered":"Ficklampa"},"content":{"rendered":"<p>Kompakt och l\u00e4tt LED-lampa med kraftfullt ljus och fyra olika ljusl\u00e4gen. Utrustad med magnet, karbinhake och utf\u00e4llbart st\u00e4ll f\u00f6r flexibel anv\u00e4ndning. Smarta funktioner som flask\u00f6ppnare och stativg\u00e4nga g\u00f6r den extra m\u00e5ngsidig. Uppladdningsbar via USB-C \u2013 perfekt som b\u00e5de arbetslampa och ficklampa.<\/p>\n","protected":false},"excerpt":{"rendered":"<p>Kompakt och l\u00e4tt LED-lampa med kraftfullt ljus och fyra olika ljusl\u00e4gen. Utrustad med magnet, karbinhake och utf\u00e4llbart st\u00e4ll f\u00f6r flexibel [&hellip;]<\/p>\n","protected":false},"featured_media":6120,"comment_status":"open","ping_status":"closed","template":"","meta":{"_acf_changed":false},"product_brand":[],"product_cat":[15,131],"product_tag":[],"class_list":{"0":"post-6113","1":"product","2":"type-product","3":"status-publish","4":"has-post-thumbnail","6":"product_cat-uncategorized","7":"product_cat-lampor","9":"first","10":"instock","11":"shipping-taxable","12":"product-type-variable"},"acf":[],"tiered_pricing_type":"fixed","tiered_pricing_fixed_rules":[],"tiered_pricing_product_settings":{"layout":"default","base_unit_name":{"singular":null,"plural":null},"default_variation":null},"tiered_pricing_minimum_quantity":null,"tiered_pricing_roles_data":[],"tiered_pricing_percentage_rules":[],"_links":{"self":[{"href":"https:\/\/laseregravyr.hemsida.eu\/index.php\/wp-json\/wp\/v2\/product\/6113","targetHints":{"allow":["GET"]}}],"collection":[{"href":"https:\/\/laseregravyr.hemsida.eu\/index.php\/wp-json\/wp\/v2\/product"}],"about":[{"href":"https:\/\/laseregravyr.hemsida.eu\/index.php\/wp-json\/wp\/v2\/types\/product"}],"replies":[{"embeddable":true,"href":"https:\/\/laseregravyr.hemsida.eu\/index.php\/wp-json\/wp\/v2\/comments?post=6113"}],"wp:featuredmedia":[{"embeddable":true,"href":"https:\/\/laseregravyr.hemsida.eu\/index.php\/wp-json\/wp\/v2\/media\/6120"}],"wp:attachment":[{"href":"https:\/\/laseregravyr.hemsida.eu\/index.php\/wp-json\/wp\/v2\/media?parent=6113"}],"wp:term":[{"taxonomy":"product_brand","embeddable":true,"href":"https:\/\/laseregravyr.hemsida.eu\/index.php\/wp-json\/wp\/v2\/product_brand?post=6113"},{"taxonomy":"product_cat","embeddable":true,"href":"https:\/\/laseregravyr.hemsida.eu\/index.php\/wp-json\/wp\/v2\/product_cat?post=6113"},{"taxonomy":"product_tag","embeddable":true,"href":"https:\/\/laseregravyr.hemsida.eu\/index.php\/wp-json\/wp\/v2\/product_tag?post=6113"}],"curies":[{"name":"wp","href":"https:\/\/api.w.org\/{rel}","templated":true}]}}