{"id":6070,"date":"2026-04-10T06:18:49","date_gmt":"2026-04-10T06:18:49","guid":{"rendered":"https:\/\/laseregravyr.hemsida.eu\/?post_type=product&#038;p=6070"},"modified":"2026-04-10T07:24:59","modified_gmt":"2026-04-10T07:24:59","slug":"ficklampa-3","status":"publish","type":"product","link":"https:\/\/laseregravyr.hemsida.eu\/index.php\/product\/ficklampa-3\/","title":{"rendered":"Ficklampa"},"content":{"rendered":"<div class=\"flex flex-col text-sm pb-25\">\n<section class=\"text-token-text-primary w-full focus:outline-none [--shadow-height:45px] has-data-writing-block:pointer-events-none has-data-writing-block:-mt-(--shadow-height) has-data-writing-block:pt-(--shadow-height) [&amp;:has([data-writing-block])&gt;*]:pointer-events-auto scroll-mt-[calc(var(--header-height)+min(200px,max(70px,20svh)))]\" dir=\"auto\" data-turn-id=\"request-WEB:0c142c67-05cc-4e33-843a-2407dcf883c4-18\" data-testid=\"conversation-turn-38\" data-scroll-anchor=\"true\" data-turn=\"assistant\">\n<div class=\"text-base my-auto mx-auto pb-10 [--thread-content-margin:var(--thread-content-margin-xs,calc(var(--spacing)*4))] @w-sm\/main:[--thread-content-margin:var(--thread-content-margin-sm,calc(var(--spacing)*6))] @w-lg\/main:[--thread-content-margin:var(--thread-content-margin-lg,calc(var(--spacing)*16))] px-(--thread-content-margin)\">\n<div class=\"[--thread-content-max-width:40rem] @w-lg\/main:[--thread-content-max-width:48rem] mx-auto max-w-(--thread-content-max-width) flex-1 group\/turn-messages focus-visible:outline-hidden relative flex w-full min-w-0 flex-col agent-turn\">\n<div class=\"flex max-w-full flex-col gap-4 grow\">\n<div class=\"min-h-8 text-message relative flex w-full flex-col items-end gap-2 text-start break-words whitespace-normal outline-none keyboard-focused:focus-ring [.text-message+&amp;]:mt-1\" dir=\"auto\" tabindex=\"0\" data-message-author-role=\"assistant\" data-message-id=\"f734cb14-a53f-415f-94de-b6efb65ccad2\" data-message-model-slug=\"gpt-5-3\" data-turn-start-message=\"true\">\n<div class=\"flex w-full flex-col gap-1 empty:hidden\">\n<div class=\"markdown prose dark:prose-invert w-full wrap-break-word light markdown-new-styling\">\n<p data-start=\"0\" data-end=\"47\"><strong data-start=\"0\" data-end=\"47\">Ficklampa \u2013 kompakt och m\u00e5ngsidig belysning<\/strong><\/p>\n<p data-start=\"49\" data-end=\"254\">Denna smidiga ficklampa kombinerar funktionalitet och portabilitet i ett kompakt format. Med tv\u00e5 ljusk\u00e4llor \u2013 en fokuserad spotlight och en bred COB-arbetslampa \u2013 f\u00e5r du flexibel belysning f\u00f6r olika behov.<\/p>\n<p data-start=\"256\" data-end=\"474\">Det inbyggda uppladdningsbara batteriet p\u00e5 400 mAh laddas enkelt via USB-C, vilket g\u00f6r den praktisk att anv\u00e4nda b\u00e5de hemma och p\u00e5 spr\u00e5ng. Med en l\u00e4ngd p\u00e5 endast 11 cm \u00e4r den l\u00e4tt att b\u00e4ra med sig i fickan eller v\u00e4skan.<\/p>\n<p data-start=\"476\" data-end=\"658\">Det robusta aluminiumh\u00f6ljet i matt svart med en stilren f\u00e4rgaccent ger b\u00e5de h\u00e5llbarhet och en modern design. Perfekt f\u00f6r verkstad, utomhusaktiviteter eller som p\u00e5litlig n\u00f6dbelysning.<\/p>\n<p data-start=\"660\" data-end=\"675\"><strong data-start=\"660\" data-end=\"675\">Egenskaper:<\/strong><\/p>\n<ul data-start=\"676\" data-end=\"925\" data-is-last-node=\"\" data-is-only-node=\"\">\n<li data-section-id=\"17upryi\" data-start=\"676\" data-end=\"729\">Tv\u00e5 ljusk\u00e4llor: spotlight och bred COB floodlight<\/li>\n<li data-section-id=\"yi9fgw\" data-start=\"730\" data-end=\"778\">Uppladdningsbart batteri (400 mAh) via USB-C<\/li>\n<li data-section-id=\"pljlzs\" data-start=\"779\" data-end=\"806\">Kompakt storlek (11 cm)<\/li>\n<li data-section-id=\"1qjqt3s\" data-start=\"807\" data-end=\"849\">Slitstarkt aluminiumh\u00f6lje i matt svart<\/li>\n<li data-section-id=\"lo1yja\" data-start=\"850\" data-end=\"873\">F\u00e4rgad accentdetalj<\/li>\n<li data-section-id=\"ugp8kr\" data-start=\"874\" data-end=\"925\" data-is-last-node=\"\">Idealisk f\u00f6r verkstad, outdoor och n\u00f6dsituationer<\/li>\n<\/ul>\n<\/div>\n<\/div>\n<\/div>\n<\/div>\n<div class=\"z-0 flex min-h-[46px] justify-start\"><\/div>\n<div class=\"mt-3 w-full empty:hidden\">\n<div class=\"text-center\"><\/div>\n<\/div>\n<\/div>\n<\/div>\n<\/section>\n<\/div>\n<div class=\"pointer-events-none h-px w-px absolute bottom-0\" aria-hidden=\"true\" data-edge=\"true\"><\/div>\n","protected":false},"excerpt":{"rendered":"<p>Ficklampa \u2013 kompakt och m\u00e5ngsidig belysning Denna smidiga ficklampa kombinerar funktionalitet och portabilitet i ett kompakt format. Med tv\u00e5 ljusk\u00e4llor [&hellip;]<\/p>\n","protected":false},"featured_media":6074,"comment_status":"open","ping_status":"closed","template":"","meta":{"_acf_changed":false},"product_brand":[],"product_cat":[15,131],"product_tag":[],"class_list":{"0":"post-6070","1":"product","2":"type-product","3":"status-publish","4":"has-post-thumbnail","6":"product_cat-uncategorized","7":"product_cat-lampor","9":"first","10":"instock","11":"shipping-taxable","12":"product-type-variable"},"acf":[],"tiered_pricing_type":"fixed","tiered_pricing_fixed_rules":[],"tiered_pricing_product_settings":{"layout":"default","base_unit_name":{"singular":null,"plural":null},"default_variation":null},"tiered_pricing_minimum_quantity":null,"tiered_pricing_roles_data":[],"tiered_pricing_percentage_rules":[],"_links":{"self":[{"href":"https:\/\/laseregravyr.hemsida.eu\/index.php\/wp-json\/wp\/v2\/product\/6070","targetHints":{"allow":["GET"]}}],"collection":[{"href":"https:\/\/laseregravyr.hemsida.eu\/index.php\/wp-json\/wp\/v2\/product"}],"about":[{"href":"https:\/\/laseregravyr.hemsida.eu\/index.php\/wp-json\/wp\/v2\/types\/product"}],"replies":[{"embeddable":true,"href":"https:\/\/laseregravyr.hemsida.eu\/index.php\/wp-json\/wp\/v2\/comments?post=6070"}],"wp:featuredmedia":[{"embeddable":true,"href":"https:\/\/laseregravyr.hemsida.eu\/index.php\/wp-json\/wp\/v2\/media\/6074"}],"wp:attachment":[{"href":"https:\/\/laseregravyr.hemsida.eu\/index.php\/wp-json\/wp\/v2\/media?parent=6070"}],"wp:term":[{"taxonomy":"product_brand","embeddable":true,"href":"https:\/\/laseregravyr.hemsida.eu\/index.php\/wp-json\/wp\/v2\/product_brand?post=6070"},{"taxonomy":"product_cat","embeddable":true,"href":"https:\/\/laseregravyr.hemsida.eu\/index.php\/wp-json\/wp\/v2\/product_cat?post=6070"},{"taxonomy":"product_tag","embeddable":true,"href":"https:\/\/laseregravyr.hemsida.eu\/index.php\/wp-json\/wp\/v2\/product_tag?post=6070"}],"curies":[{"name":"wp","href":"https:\/\/api.w.org\/{rel}","templated":true}]}}