{"id":6068,"date":"2026-04-10T06:18:27","date_gmt":"2026-04-10T06:18:27","guid":{"rendered":"https:\/\/laseregravyr.hemsida.eu\/?post_type=product&#038;p=6068"},"modified":"2026-04-10T06:18:27","modified_gmt":"2026-04-10T06:18:27","slug":"ficklampa-2","status":"publish","type":"product","link":"https:\/\/laseregravyr.hemsida.eu\/index.php\/product\/ficklampa-2\/","title":{"rendered":"Ficklampa"},"content":{"rendered":"<p data-start=\"0\" data-end=\"47\"><strong data-start=\"0\" data-end=\"47\">Ficklampa \u2013 kompakt och m\u00e5ngsidig belysning<\/strong><\/p>\n<p data-start=\"49\" data-end=\"221\">Denna smidiga ficklampa erbjuder flexibel anv\u00e4ndning med tv\u00e5 ljusk\u00e4llor: en fokuserad spotlight och en bred COB-arbetslampa. Perfekt f\u00f6r b\u00e5de precision och st\u00f6rre ljusytor.<\/p>\n<p data-start=\"223\" data-end=\"472\">Den kompakta storleken p\u00e5 endast 11 cm g\u00f6r den enkel att b\u00e4ra med sig, medan det robusta aluminiumh\u00f6ljet i matt svart med f\u00e4rgad accent ger en slitstark och stilren design. Det inbyggda uppladdningsbara batteriet p\u00e5 400 mAh laddas smidigt via USB-C.<\/p>\n<p data-start=\"474\" data-end=\"546\">Ett utm\u00e4rkt val f\u00f6r verkstad, utomhusaktiviteter eller som n\u00f6dbelysning.<\/p>\n<p data-start=\"548\" data-end=\"563\"><strong data-start=\"548\" data-end=\"563\">Egenskaper:<\/strong><\/p>\n<ul data-start=\"564\" data-end=\"783\">\n<li data-section-id=\"1158uzf\" data-start=\"564\" data-end=\"612\">Tv\u00e5 ljusk\u00e4llor: spotlight och COB floodlight<\/li>\n<li data-section-id=\"yi9fgw\" data-start=\"613\" data-end=\"661\">Uppladdningsbart batteri (400 mAh) via USB-C<\/li>\n<li data-section-id=\"pljlzs\" data-start=\"662\" data-end=\"689\">Kompakt storlek (11 cm)<\/li>\n<li data-section-id=\"1od5ata\" data-start=\"690\" data-end=\"730\">Robust aluminiumh\u00f6lje med f\u00e4rgaccent<\/li>\n<li data-section-id=\"1y91dac\" data-start=\"731\" data-end=\"783\">Perfekt f\u00f6r verkstad, outdoor och n\u00f6dsituationer<\/li>\n<\/ul>\n","protected":false},"excerpt":{"rendered":"<p>Ficklampa \u2013 kompakt och m\u00e5ngsidig belysning Denna smidiga ficklampa erbjuder flexibel anv\u00e4ndning med tv\u00e5 ljusk\u00e4llor: en fokuserad spotlight och en [&hellip;]<\/p>\n","protected":false},"featured_media":6069,"comment_status":"open","ping_status":"closed","template":"","meta":{"_acf_changed":false},"product_brand":[],"product_cat":[15,131],"product_tag":[],"class_list":{"0":"post-6068","1":"product","2":"type-product","3":"status-publish","4":"has-post-thumbnail","6":"product_cat-uncategorized","7":"product_cat-lampor","9":"first","10":"instock","11":"shipping-taxable","12":"product-type-simple"},"acf":[],"tiered_pricing_type":"fixed","tiered_pricing_fixed_rules":[],"tiered_pricing_product_settings":{"layout":"default","base_unit_name":{"singular":null,"plural":null},"default_variation":null},"tiered_pricing_minimum_quantity":null,"tiered_pricing_roles_data":[],"tiered_pricing_percentage_rules":[],"_links":{"self":[{"href":"https:\/\/laseregravyr.hemsida.eu\/index.php\/wp-json\/wp\/v2\/product\/6068","targetHints":{"allow":["GET"]}}],"collection":[{"href":"https:\/\/laseregravyr.hemsida.eu\/index.php\/wp-json\/wp\/v2\/product"}],"about":[{"href":"https:\/\/laseregravyr.hemsida.eu\/index.php\/wp-json\/wp\/v2\/types\/product"}],"replies":[{"embeddable":true,"href":"https:\/\/laseregravyr.hemsida.eu\/index.php\/wp-json\/wp\/v2\/comments?post=6068"}],"wp:featuredmedia":[{"embeddable":true,"href":"https:\/\/laseregravyr.hemsida.eu\/index.php\/wp-json\/wp\/v2\/media\/6069"}],"wp:attachment":[{"href":"https:\/\/laseregravyr.hemsida.eu\/index.php\/wp-json\/wp\/v2\/media?parent=6068"}],"wp:term":[{"taxonomy":"product_brand","embeddable":true,"href":"https:\/\/laseregravyr.hemsida.eu\/index.php\/wp-json\/wp\/v2\/product_brand?post=6068"},{"taxonomy":"product_cat","embeddable":true,"href":"https:\/\/laseregravyr.hemsida.eu\/index.php\/wp-json\/wp\/v2\/product_cat?post=6068"},{"taxonomy":"product_tag","embeddable":true,"href":"https:\/\/laseregravyr.hemsida.eu\/index.php\/wp-json\/wp\/v2\/product_tag?post=6068"}],"curies":[{"name":"wp","href":"https:\/\/api.w.org\/{rel}","templated":true}]}}