{"id":6048,"date":"2026-04-09T08:35:07","date_gmt":"2026-04-09T08:35:07","guid":{"rendered":"https:\/\/laseregravyr.hemsida.eu\/?post_type=product&#038;p=6048"},"modified":"2026-04-10T09:09:07","modified_gmt":"2026-04-10T09:09:07","slug":"laptopfodral","status":"publish","type":"product","link":"https:\/\/laseregravyr.hemsida.eu\/index.php\/product\/laptopfodral\/","title":{"rendered":"Laptopfodral"},"content":{"rendered":"<p data-start=\"0\" data-end=\"60\"><strong data-start=\"0\" data-end=\"60\">Laptop Sleeve med tr\u00e5dl\u00f6s laddning \u2013 smart 3-i-1-l\u00f6sning<\/strong><\/p>\n<p data-start=\"62\" data-end=\"313\">Denna innovativa laptop sleeve kombinerar funktionalitet och stil i en praktisk 3-i-1-design. Den fungerar inte bara som ett skyddande fodral f\u00f6r din laptop, utan \u00e4ven som musmatta och tr\u00e5dl\u00f6s laddare \u2013 perfekt f\u00f6r ett modernt och flexibelt arbetsliv.<\/p>\n<p data-start=\"315\" data-end=\"520\">Med tr\u00e5dl\u00f6s snabbladdning upp till 15 W (kompatibel med 5 W \/ 10 W \/ 15 W) kan du enkelt ladda din smartphone direkt fr\u00e5n fodralet. USB-C-anslutningen g\u00f6r den anpassad f\u00f6r dagens enheter och arbetsmilj\u00f6er.<\/p>\n<p data-start=\"522\" data-end=\"722\">Den magnetiska st\u00e4ngningen h\u00e5ller din laptop s\u00e4kert p\u00e5 plats, medan inbyggda skyddsfunktioner som skydd mot kortslutning, \u00f6verladdning, djupurladdning och undersp\u00e4nning ger trygg och s\u00e4ker anv\u00e4ndning.<\/p>\n<p data-start=\"724\" data-end=\"842\">Passar laptops upp till 14 tum och erbjuder en stor, ren yta som \u00e4r idealisk f\u00f6r profilering och varum\u00e4rkesexponering.<\/p>\n<p data-start=\"844\" data-end=\"859\"><strong data-start=\"844\" data-end=\"859\">Egenskaper:<\/strong><\/p>\n<ul data-start=\"860\" data-end=\"1181\" data-is-last-node=\"\" data-is-only-node=\"\">\n<li data-section-id=\"1cj0oo6\" data-start=\"860\" data-end=\"913\">3-i-1: laptopfodral, musmatta och tr\u00e5dl\u00f6s laddare<\/li>\n<li data-section-id=\"v1ycn6\" data-start=\"914\" data-end=\"953\">Tr\u00e5dl\u00f6s snabbladdning upp till 15 W<\/li>\n<li data-section-id=\"v9vde8\" data-start=\"954\" data-end=\"974\">USB-C-anslutning<\/li>\n<li data-section-id=\"jp1ru1\" data-start=\"975\" data-end=\"998\">Magnetisk st\u00e4ngning<\/li>\n<li data-section-id=\"16ehxt9\" data-start=\"999\" data-end=\"1031\">Inbyggda s\u00e4kerhetsfunktioner<\/li>\n<li data-section-id=\"5tyzx9\" data-start=\"1032\" data-end=\"1106\">Skydd mot kortslutning, \u00f6verladdning, djupurladdning och undersp\u00e4nning<\/li>\n<li data-section-id=\"dr14em\" data-start=\"1107\" data-end=\"1141\">Passar laptops upp till 14 tum<\/li>\n<li data-section-id=\"1bb5se2\" data-start=\"1142\" data-end=\"1181\" data-is-last-node=\"\">Stor yta f\u00f6r branding och profilering<\/li>\n<\/ul>\n","protected":false},"excerpt":{"rendered":"<p>Laptop Sleeve med tr\u00e5dl\u00f6s laddning \u2013 smart 3-i-1-l\u00f6sning Denna innovativa laptop sleeve kombinerar funktionalitet och stil i en praktisk 3-i-1-design. [&hellip;]<\/p>\n","protected":false},"featured_media":6053,"comment_status":"open","ping_status":"closed","template":"","meta":{"_acf_changed":false},"product_brand":[],"product_cat":[134],"product_tag":[],"class_list":{"0":"post-6048","1":"product","2":"type-product","3":"status-publish","4":"has-post-thumbnail","6":"product_cat-teknik-tillbehor","8":"first","9":"instock","10":"shipping-taxable","11":"product-type-simple"},"acf":[],"tiered_pricing_type":"fixed","tiered_pricing_fixed_rules":[],"tiered_pricing_product_settings":{"layout":"default","base_unit_name":{"singular":null,"plural":null},"default_variation":null},"tiered_pricing_minimum_quantity":null,"tiered_pricing_roles_data":[],"tiered_pricing_percentage_rules":[],"_links":{"self":[{"href":"https:\/\/laseregravyr.hemsida.eu\/index.php\/wp-json\/wp\/v2\/product\/6048","targetHints":{"allow":["GET"]}}],"collection":[{"href":"https:\/\/laseregravyr.hemsida.eu\/index.php\/wp-json\/wp\/v2\/product"}],"about":[{"href":"https:\/\/laseregravyr.hemsida.eu\/index.php\/wp-json\/wp\/v2\/types\/product"}],"replies":[{"embeddable":true,"href":"https:\/\/laseregravyr.hemsida.eu\/index.php\/wp-json\/wp\/v2\/comments?post=6048"}],"wp:featuredmedia":[{"embeddable":true,"href":"https:\/\/laseregravyr.hemsida.eu\/index.php\/wp-json\/wp\/v2\/media\/6053"}],"wp:attachment":[{"href":"https:\/\/laseregravyr.hemsida.eu\/index.php\/wp-json\/wp\/v2\/media?parent=6048"}],"wp:term":[{"taxonomy":"product_brand","embeddable":true,"href":"https:\/\/laseregravyr.hemsida.eu\/index.php\/wp-json\/wp\/v2\/product_brand?post=6048"},{"taxonomy":"product_cat","embeddable":true,"href":"https:\/\/laseregravyr.hemsida.eu\/index.php\/wp-json\/wp\/v2\/product_cat?post=6048"},{"taxonomy":"product_tag","embeddable":true,"href":"https:\/\/laseregravyr.hemsida.eu\/index.php\/wp-json\/wp\/v2\/product_tag?post=6048"}],"curies":[{"name":"wp","href":"https:\/\/api.w.org\/{rel}","templated":true}]}}