{"id":6028,"date":"2026-04-09T07:57:23","date_gmt":"2026-04-09T07:57:23","guid":{"rendered":"https:\/\/laseregravyr.hemsida.eu\/?post_type=product&#038;p=6028"},"modified":"2026-04-10T07:45:07","modified_gmt":"2026-04-10T07:45:07","slug":"smart-tag","status":"publish","type":"product","link":"https:\/\/laseregravyr.hemsida.eu\/index.php\/product\/smart-tag\/","title":{"rendered":"Smart Tag"},"content":{"rendered":"<section class=\"text-token-text-primary w-full focus:outline-none [--shadow-height:45px] has-data-writing-block:pointer-events-none has-data-writing-block:-mt-(--shadow-height) has-data-writing-block:pt-(--shadow-height) [&amp;:has([data-writing-block])&gt;*]:pointer-events-auto scroll-mt-(--header-height)\" dir=\"auto\" data-turn-id=\"78a9bd85-b69d-41b6-81ac-f14ff698a2e7\" data-testid=\"conversation-turn-25\" data-scroll-anchor=\"false\" data-turn=\"user\"><\/section>\n<section class=\"text-token-text-primary w-full focus:outline-none [--shadow-height:45px] has-data-writing-block:pointer-events-none has-data-writing-block:-mt-(--shadow-height) has-data-writing-block:pt-(--shadow-height) [&amp;:has([data-writing-block])&gt;*]:pointer-events-auto scroll-mt-[calc(var(--header-height)+min(200px,max(70px,20svh)))]\" dir=\"auto\" data-turn-id=\"request-WEB:0c142c67-05cc-4e33-843a-2407dcf883c4-12\" data-testid=\"conversation-turn-26\" data-scroll-anchor=\"true\" data-turn=\"assistant\">\n<div class=\"text-base my-auto mx-auto pb-10 [--thread-content-margin:var(--thread-content-margin-xs,calc(var(--spacing)*4))] @w-sm\/main:[--thread-content-margin:var(--thread-content-margin-sm,calc(var(--spacing)*6))] @w-lg\/main:[--thread-content-margin:var(--thread-content-margin-lg,calc(var(--spacing)*16))] px-(--thread-content-margin)\">\n<div class=\"[--thread-content-max-width:40rem] @w-lg\/main:[--thread-content-max-width:48rem] mx-auto max-w-(--thread-content-max-width) flex-1 group\/turn-messages focus-visible:outline-hidden relative flex w-full min-w-0 flex-col agent-turn\">\n<div class=\"flex max-w-full flex-col gap-4 grow\">\n<div class=\"min-h-8 text-message relative flex w-full flex-col items-end gap-2 text-start break-words whitespace-normal outline-none keyboard-focused:focus-ring [.text-message+&amp;]:mt-1\" dir=\"auto\" tabindex=\"0\" data-message-author-role=\"assistant\" data-message-id=\"8de3fb00-30db-4264-93d5-3c37e3586c50\" data-message-model-slug=\"gpt-5-3\" data-turn-start-message=\"true\">\n<div class=\"flex w-full flex-col gap-1 empty:hidden\">\n<div class=\"markdown prose dark:prose-invert w-full wrap-break-word light markdown-new-styling\">\n<p data-start=\"0\" data-end=\"46\"><strong data-start=\"0\" data-end=\"46\">Smart Tag \u2013 h\u00e5ll koll p\u00e5 dina saker enkelt<\/strong><\/p>\n<p data-start=\"48\" data-end=\"259\">Denna smarta sp\u00e5rningsenhet g\u00f6r det enkelt att h\u00e5lla reda p\u00e5 dina viktigaste tillh\u00f6righeter. Den \u00e4r kompatibel med b\u00e5de Apple \u201cFind My\u201d och Android, vilket ger smidig integration i befintliga smartphone-n\u00e4tverk.<\/p>\n<p data-start=\"261\" data-end=\"492\">Med sin stilrena, runda design och kompakta format \u00e4r den b\u00e5de diskret och praktisk. Den medf\u00f6ljande silikon\u00f6glan g\u00f6r det enkelt att f\u00e4sta den p\u00e5 exempelvis v\u00e4skor, bagage, nycklar eller handtag \u2013 perfekt f\u00f6r b\u00e5de vardag och resor.<\/p>\n<p data-start=\"494\" data-end=\"548\">L\u00e4tt, t\u00e5lig och alltid redo att hj\u00e4lpa dig hitta r\u00e4tt.<\/p>\n<p data-start=\"550\" data-end=\"565\"><strong data-start=\"550\" data-end=\"565\">Egenskaper:<\/strong><\/p>\n<ul data-start=\"566\" data-end=\"801\" data-is-last-node=\"\" data-is-only-node=\"\">\n<li data-section-id=\"1hycdrh\" data-start=\"566\" data-end=\"612\">Kompatibel med Apple \u201cFind My\u201d och Android<\/li>\n<li data-section-id=\"oigmof\" data-start=\"613\" data-end=\"657\">Enkel integration med smartphone-n\u00e4tverk<\/li>\n<li data-section-id=\"1pivwza\" data-start=\"658\" data-end=\"689\">Stilren, rund design i vitt<\/li>\n<li data-section-id=\"y4yl0\" data-start=\"690\" data-end=\"721\">Inkluderar l\u00e5ng silikon\u00f6gla<\/li>\n<li data-section-id=\"jqd8zl\" data-start=\"722\" data-end=\"766\">Perfekt f\u00f6r v\u00e4skor, bagage, nycklar m.m.<\/li>\n<li data-section-id=\"1qg46bl\" data-start=\"767\" data-end=\"801\" data-is-last-node=\"\">L\u00e4tt, kompakt och h\u00e5llbar design<\/li>\n<\/ul>\n<\/div>\n<\/div>\n<\/div>\n<\/div>\n<\/div>\n<\/div>\n<\/section>\n","protected":false},"excerpt":{"rendered":"<p>Smart Tag<\/p>\n","protected":false},"featured_media":6029,"comment_status":"open","ping_status":"closed","template":"","meta":{"_acf_changed":false},"product_brand":[],"product_cat":[15,43],"product_tag":[],"class_list":{"0":"post-6028","1":"product","2":"type-product","3":"status-publish","4":"has-post-thumbnail","6":"product_cat-uncategorized","7":"product_cat-mobiltillbehor","9":"first","10":"instock","11":"shipping-taxable","12":"product-type-variable"},"acf":[],"tiered_pricing_type":"fixed","tiered_pricing_fixed_rules":[],"tiered_pricing_product_settings":{"layout":"default","base_unit_name":{"singular":null,"plural":null},"default_variation":null},"tiered_pricing_minimum_quantity":null,"tiered_pricing_roles_data":[],"tiered_pricing_percentage_rules":[],"_links":{"self":[{"href":"https:\/\/laseregravyr.hemsida.eu\/index.php\/wp-json\/wp\/v2\/product\/6028","targetHints":{"allow":["GET"]}}],"collection":[{"href":"https:\/\/laseregravyr.hemsida.eu\/index.php\/wp-json\/wp\/v2\/product"}],"about":[{"href":"https:\/\/laseregravyr.hemsida.eu\/index.php\/wp-json\/wp\/v2\/types\/product"}],"replies":[{"embeddable":true,"href":"https:\/\/laseregravyr.hemsida.eu\/index.php\/wp-json\/wp\/v2\/comments?post=6028"}],"wp:featuredmedia":[{"embeddable":true,"href":"https:\/\/laseregravyr.hemsida.eu\/index.php\/wp-json\/wp\/v2\/media\/6029"}],"wp:attachment":[{"href":"https:\/\/laseregravyr.hemsida.eu\/index.php\/wp-json\/wp\/v2\/media?parent=6028"}],"wp:term":[{"taxonomy":"product_brand","embeddable":true,"href":"https:\/\/laseregravyr.hemsida.eu\/index.php\/wp-json\/wp\/v2\/product_brand?post=6028"},{"taxonomy":"product_cat","embeddable":true,"href":"https:\/\/laseregravyr.hemsida.eu\/index.php\/wp-json\/wp\/v2\/product_cat?post=6028"},{"taxonomy":"product_tag","embeddable":true,"href":"https:\/\/laseregravyr.hemsida.eu\/index.php\/wp-json\/wp\/v2\/product_tag?post=6028"}],"curies":[{"name":"wp","href":"https:\/\/api.w.org\/{rel}","templated":true}]}}