{"id":6023,"date":"2026-04-09T07:39:11","date_gmt":"2026-04-09T07:39:11","guid":{"rendered":"https:\/\/laseregravyr.hemsida.eu\/?post_type=product&#038;p=6023"},"modified":"2026-04-10T09:02:17","modified_gmt":"2026-04-10T09:02:17","slug":"blocker-card","status":"publish","type":"product","link":"https:\/\/laseregravyr.hemsida.eu\/index.php\/product\/blocker-card\/","title":{"rendered":"Blocker Card"},"content":{"rendered":"<p data-start=\"0\" data-end=\"58\"><strong data-start=\"0\" data-end=\"58\">RFID Blocker Card \u2013 skydd f\u00f6r dina kort i smart format<\/strong><\/p>\n<p data-start=\"60\" data-end=\"296\">Denna RFID-blockerande kortl\u00f6sning ger ett effektivt skydd mot obeh\u00f6rig skanning av dina kort. Med aktivt skydd vid 13,56 MHz blockerar den b\u00e5de RFID- och NFC-signaler och hj\u00e4lper till att f\u00f6rhindra digital st\u00f6ld av k\u00e4nslig information.<\/p>\n<p data-start=\"298\" data-end=\"505\">Kortet kr\u00e4ver inget batteri utan drivs direkt av den inkommande skanningssignalen. Det skapar automatiskt ett elektroniskt skyddsf\u00e4lt som skyddar alla kort i n\u00e4rheten \u2013 helt utan behov av extra skyddsfodral.<\/p>\n<p data-start=\"507\" data-end=\"675\">Med m\u00f6jlighet till dubbelsidig digitaltryck \u00e4r det \u00e4ven ett utm\u00e4rkt val f\u00f6r profilering och varum\u00e4rkesexponering. Levereras i en milj\u00f6v\u00e4nlig f\u00f6rpackning i te-p\u00e5se-stil.<\/p>\n<p data-start=\"677\" data-end=\"692\"><strong data-start=\"677\" data-end=\"692\">Egenskaper:<\/strong><\/p>\n<ul data-start=\"693\" data-end=\"943\" data-is-last-node=\"\" data-is-only-node=\"\">\n<li data-section-id=\"lxg6lw\" data-start=\"693\" data-end=\"734\">Aktiv RFID\/NFC-blockering (13,56 MHz)<\/li>\n<li data-section-id=\"140s2bg\" data-start=\"735\" data-end=\"776\">Batterifri \u2013 drivs av skanningsk\u00e4llan<\/li>\n<li data-section-id=\"1bkysug\" data-start=\"777\" data-end=\"827\">Skapar automatiskt ett elektroniskt skyddsf\u00e4lt<\/li>\n<li data-section-id=\"17uflbr\" data-start=\"828\" data-end=\"863\">Inget behov av extra RFID-skydd<\/li>\n<li data-section-id=\"8pir10\" data-start=\"864\" data-end=\"905\">Dubbelsidig digitaltryck f\u00f6r branding<\/li>\n<li data-section-id=\"1qevl77\" data-start=\"906\" data-end=\"943\" data-is-last-node=\"\">Levereras i milj\u00f6v\u00e4nlig f\u00f6rpackning<\/li>\n<\/ul>\n","protected":false},"excerpt":{"rendered":"<p>RFID Blocker Card \u2013 skydd f\u00f6r dina kort i smart format Denna RFID-blockerande kortl\u00f6sning ger ett effektivt skydd mot obeh\u00f6rig [&hellip;]<\/p>\n","protected":false},"featured_media":6024,"comment_status":"open","ping_status":"closed","template":"","meta":{"_acf_changed":false},"product_brand":[],"product_cat":[15,134],"product_tag":[],"class_list":{"0":"post-6023","1":"product","2":"type-product","3":"status-publish","4":"has-post-thumbnail","6":"product_cat-uncategorized","7":"product_cat-teknik-tillbehor","9":"first","10":"instock","11":"shipping-taxable","12":"product-type-simple"},"acf":[],"tiered_pricing_type":"fixed","tiered_pricing_fixed_rules":[],"tiered_pricing_product_settings":{"layout":"default","base_unit_name":{"singular":null,"plural":null},"default_variation":null},"tiered_pricing_minimum_quantity":null,"tiered_pricing_roles_data":[],"tiered_pricing_percentage_rules":[],"_links":{"self":[{"href":"https:\/\/laseregravyr.hemsida.eu\/index.php\/wp-json\/wp\/v2\/product\/6023","targetHints":{"allow":["GET"]}}],"collection":[{"href":"https:\/\/laseregravyr.hemsida.eu\/index.php\/wp-json\/wp\/v2\/product"}],"about":[{"href":"https:\/\/laseregravyr.hemsida.eu\/index.php\/wp-json\/wp\/v2\/types\/product"}],"replies":[{"embeddable":true,"href":"https:\/\/laseregravyr.hemsida.eu\/index.php\/wp-json\/wp\/v2\/comments?post=6023"}],"wp:featuredmedia":[{"embeddable":true,"href":"https:\/\/laseregravyr.hemsida.eu\/index.php\/wp-json\/wp\/v2\/media\/6024"}],"wp:attachment":[{"href":"https:\/\/laseregravyr.hemsida.eu\/index.php\/wp-json\/wp\/v2\/media?parent=6023"}],"wp:term":[{"taxonomy":"product_brand","embeddable":true,"href":"https:\/\/laseregravyr.hemsida.eu\/index.php\/wp-json\/wp\/v2\/product_brand?post=6023"},{"taxonomy":"product_cat","embeddable":true,"href":"https:\/\/laseregravyr.hemsida.eu\/index.php\/wp-json\/wp\/v2\/product_cat?post=6023"},{"taxonomy":"product_tag","embeddable":true,"href":"https:\/\/laseregravyr.hemsida.eu\/index.php\/wp-json\/wp\/v2\/product_tag?post=6023"}],"curies":[{"name":"wp","href":"https:\/\/api.w.org\/{rel}","templated":true}]}}