{"id":5981,"date":"2026-04-09T05:56:48","date_gmt":"2026-04-09T05:56:48","guid":{"rendered":"https:\/\/laseregravyr.hemsida.eu\/?post_type=product&#038;p=5981"},"modified":"2026-04-10T07:57:27","modified_gmt":"2026-04-10T07:57:27","slug":"powerbank-loop-10000","status":"publish","type":"product","link":"https:\/\/laseregravyr.hemsida.eu\/index.php\/product\/powerbank-loop-10000\/","title":{"rendered":"Powerbank 10,000"},"content":{"rendered":"<p data-start=\"0\" data-end=\"59\"><strong data-start=\"0\" data-end=\"59\">Power Bank \u2013 smart design m\u00f6ter kraftfull laddning<\/strong><\/p>\n<p data-start=\"61\" data-end=\"275\">Den h\u00e4r powerbanken har den perfekta kombinationen av stil, funktionalitet och b\u00e4rbarhet. Med sitt kompakta format och eleganta aluminiumh\u00f6lje f\u00e5r du en premiumk\u00e4nsla i en smidig design som \u00e4r enkel att ta med \u00f6verallt.<\/p>\n<p data-start=\"277\" data-end=\"522\">Den har en kapacitet p\u00e5 10 000 mAh, vilket ger p\u00e5litlig laddning f\u00f6r dina enheter under hela dagen. Den smarta handledsremmen fungerar dessutom som en integrerad USB-C till USB-C-kabel med upp till 60 W laddning \u2013 alltid redo n\u00e4r du beh\u00f6ver den.<\/p>\n<p data-start=\"524\" data-end=\"625\">Med en uteffekt p\u00e5 upp till 22,5 W \u00e4r den optimerad f\u00f6r att snabbladda de flesta moderna smartphones.<\/p>\n<p data-start=\"627\" data-end=\"642\"><strong data-start=\"627\" data-end=\"642\">Egenskaper:<\/strong><\/p>\n<ul data-start=\"643\" data-end=\"912\" data-is-last-node=\"\" data-is-only-node=\"\">\n<li data-section-id=\"u0l8sz\" data-start=\"643\" data-end=\"693\">Kompakt powerbank med exklusivt aluminiumh\u00f6lje<\/li>\n<li data-section-id=\"1mw82t2\" data-start=\"694\" data-end=\"728\">10 000 mAh kapacitet via kabel<\/li>\n<li data-section-id=\"15c9pgg\" data-start=\"729\" data-end=\"800\">Integrerad handledsrem som fungerar som 60 W USB-C till USB-C-kabel<\/li>\n<li data-section-id=\"olhp65\" data-start=\"801\" data-end=\"856\">Upp till 22,5 W uteffekt f\u00f6r effektiv snabbladdning<\/li>\n<li data-section-id=\"dsr704\" data-start=\"857\" data-end=\"912\" data-is-last-node=\"\">Perfekt balans mellan funktion, portabilitet och stil<\/li>\n<\/ul>\n","protected":false},"excerpt":{"rendered":"<p>Powerbank 10,000<\/p>\n","protected":false},"featured_media":5982,"comment_status":"open","ping_status":"closed","template":"","meta":{"_acf_changed":false},"product_brand":[],"product_cat":[104],"product_tag":[],"class_list":{"0":"post-5981","1":"product","2":"type-product","3":"status-publish","4":"has-post-thumbnail","6":"product_cat-elektronik-laddning","8":"first","9":"instock","10":"shipping-taxable","11":"product-type-simple"},"acf":[],"tiered_pricing_type":"fixed","tiered_pricing_fixed_rules":[],"tiered_pricing_product_settings":{"layout":"default","base_unit_name":{"singular":null,"plural":null},"default_variation":null},"tiered_pricing_minimum_quantity":null,"tiered_pricing_roles_data":[],"tiered_pricing_percentage_rules":[],"_links":{"self":[{"href":"https:\/\/laseregravyr.hemsida.eu\/index.php\/wp-json\/wp\/v2\/product\/5981","targetHints":{"allow":["GET"]}}],"collection":[{"href":"https:\/\/laseregravyr.hemsida.eu\/index.php\/wp-json\/wp\/v2\/product"}],"about":[{"href":"https:\/\/laseregravyr.hemsida.eu\/index.php\/wp-json\/wp\/v2\/types\/product"}],"replies":[{"embeddable":true,"href":"https:\/\/laseregravyr.hemsida.eu\/index.php\/wp-json\/wp\/v2\/comments?post=5981"}],"wp:featuredmedia":[{"embeddable":true,"href":"https:\/\/laseregravyr.hemsida.eu\/index.php\/wp-json\/wp\/v2\/media\/5982"}],"wp:attachment":[{"href":"https:\/\/laseregravyr.hemsida.eu\/index.php\/wp-json\/wp\/v2\/media?parent=5981"}],"wp:term":[{"taxonomy":"product_brand","embeddable":true,"href":"https:\/\/laseregravyr.hemsida.eu\/index.php\/wp-json\/wp\/v2\/product_brand?post=5981"},{"taxonomy":"product_cat","embeddable":true,"href":"https:\/\/laseregravyr.hemsida.eu\/index.php\/wp-json\/wp\/v2\/product_cat?post=5981"},{"taxonomy":"product_tag","embeddable":true,"href":"https:\/\/laseregravyr.hemsida.eu\/index.php\/wp-json\/wp\/v2\/product_tag?post=5981"}],"curies":[{"name":"wp","href":"https:\/\/api.w.org\/{rel}","templated":true}]}}