{"id":5965,"date":"2026-04-09T05:41:02","date_gmt":"2026-04-09T05:41:02","guid":{"rendered":"https:\/\/laseregravyr.hemsida.eu\/?post_type=product&#038;p=5965"},"modified":"2026-04-09T06:26:27","modified_gmt":"2026-04-09T06:26:27","slug":"orimi-laddkabel","status":"publish","type":"product","link":"https:\/\/laseregravyr.hemsida.eu\/index.php\/product\/orimi-laddkabel\/","title":{"rendered":"Laddkabel100w"},"content":{"rendered":"<p data-start=\"0\" data-end=\"46\"><strong data-start=\"0\" data-end=\"46\">Laddkabel \u2013 4-i-1 med kraft och stil<\/strong><\/p>\n<p data-start=\"48\" data-end=\"267\">Uppt\u00e4ck en laddkabel som kombinerar prestanda, flexibilitet och premiumdesign. Laddkabeln \u00e4r utrustad med en smart 4-i-1-l\u00f6sning som g\u00f6r den kompatibel med en m\u00e4ngd olika enheter \u2013 perfekt f\u00f6r b\u00e5de vardag och resa.<\/p>\n<p data-start=\"269\" data-end=\"560\">Med tv\u00e5 USB-C-kontakter, en Lightning och en USB-A f\u00e5r du maximal anslutningsfrihet i en och samma kabel. Den levererar upp till 100 W snabbladdning, vilket g\u00f6r den idealisk f\u00f6r allt fr\u00e5n smartphones och surfplattor till laptops. Dessutom st\u00f6der den data\u00f6verf\u00f6ring f\u00f6r smidig synkronisering.<\/p>\n<p data-start=\"562\" data-end=\"741\">Den magnetiska kabelhanteringen h\u00e5ller sladden snyggt organiserad utan trassel, medan den slitstarka nylonfl\u00e4tade ytan och metallh\u00f6ljet ger b\u00e5de h\u00e5llbarhet och en exklusiv k\u00e4nsla.<\/p>\n<p data-start=\"743\" data-end=\"815\">Finns i flera f\u00e4rger f\u00f6r att passa din stil eller st\u00e4rka ditt varum\u00e4rke.<\/p>\n<p data-start=\"817\" data-end=\"832\"><strong data-start=\"817\" data-end=\"832\">Egenskaper:<\/strong><\/p>\n<ul data-start=\"833\" data-end=\"1117\" data-is-last-node=\"\" data-is-only-node=\"\">\n<li data-section-id=\"y9xp55\" data-start=\"833\" data-end=\"879\">4-i-1: 2 \u00d7 USB-C, 1 \u00d7 Lightning, 1 \u00d7 USB-A<\/li>\n<li data-section-id=\"wx7zbt\" data-start=\"880\" data-end=\"912\">Upp till 100 W snabbladdning<\/li>\n<li data-section-id=\"fre80b\" data-start=\"913\" data-end=\"970\">Kompatibel med smartphones, surfplattor, laptops m.m.<\/li>\n<li data-section-id=\"1xj1wuy\" data-start=\"971\" data-end=\"998\">St\u00f6d f\u00f6r data\u00f6verf\u00f6ring<\/li>\n<li data-section-id=\"10imvjl\" data-start=\"999\" data-end=\"1045\">Magnetiskt kabelsystem f\u00f6r enkel f\u00f6rvaring<\/li>\n<li data-section-id=\"331ir\" data-start=\"1046\" data-end=\"1094\">Slitstark nylonfl\u00e4tad kabel med metallfinish<\/li>\n<li data-section-id=\"1lgentt\" data-start=\"1095\" data-end=\"1117\" data-is-last-node=\"\">Finns i flera f\u00e4rger<\/li>\n<\/ul>\n","protected":false},"excerpt":{"rendered":"<p>Laddkabel<\/p>\n","protected":false},"featured_media":5980,"comment_status":"open","ping_status":"closed","template":"","meta":{"_acf_changed":false},"product_brand":[],"product_cat":[104],"product_tag":[],"class_list":{"0":"post-5965","1":"product","2":"type-product","3":"status-publish","4":"has-post-thumbnail","6":"product_cat-elektronik-laddning","8":"first","9":"instock","10":"shipping-taxable","11":"product-type-variable"},"acf":[],"tiered_pricing_type":"fixed","tiered_pricing_fixed_rules":[],"tiered_pricing_product_settings":{"layout":"default","base_unit_name":{"singular":null,"plural":null},"default_variation":null},"tiered_pricing_minimum_quantity":null,"tiered_pricing_roles_data":[],"tiered_pricing_percentage_rules":[],"_links":{"self":[{"href":"https:\/\/laseregravyr.hemsida.eu\/index.php\/wp-json\/wp\/v2\/product\/5965","targetHints":{"allow":["GET"]}}],"collection":[{"href":"https:\/\/laseregravyr.hemsida.eu\/index.php\/wp-json\/wp\/v2\/product"}],"about":[{"href":"https:\/\/laseregravyr.hemsida.eu\/index.php\/wp-json\/wp\/v2\/types\/product"}],"replies":[{"embeddable":true,"href":"https:\/\/laseregravyr.hemsida.eu\/index.php\/wp-json\/wp\/v2\/comments?post=5965"}],"wp:featuredmedia":[{"embeddable":true,"href":"https:\/\/laseregravyr.hemsida.eu\/index.php\/wp-json\/wp\/v2\/media\/5980"}],"wp:attachment":[{"href":"https:\/\/laseregravyr.hemsida.eu\/index.php\/wp-json\/wp\/v2\/media?parent=5965"}],"wp:term":[{"taxonomy":"product_brand","embeddable":true,"href":"https:\/\/laseregravyr.hemsida.eu\/index.php\/wp-json\/wp\/v2\/product_brand?post=5965"},{"taxonomy":"product_cat","embeddable":true,"href":"https:\/\/laseregravyr.hemsida.eu\/index.php\/wp-json\/wp\/v2\/product_cat?post=5965"},{"taxonomy":"product_tag","embeddable":true,"href":"https:\/\/laseregravyr.hemsida.eu\/index.php\/wp-json\/wp\/v2\/product_tag?post=5965"}],"curies":[{"name":"wp","href":"https:\/\/api.w.org\/{rel}","templated":true}]}}