{"id":5667,"date":"2026-03-26T08:30:13","date_gmt":"2026-03-26T08:30:13","guid":{"rendered":"https:\/\/laseregravyr.hemsida.eu\/index.php\/product\/ryggsack-vaccum-soft-nylon\/"},"modified":"2026-03-26T15:23:33","modified_gmt":"2026-03-26T15:23:33","slug":"ryggsack-vaccum-soft-nylon","status":"publish","type":"product","link":"https:\/\/laseregravyr.hemsida.eu\/index.php\/product\/ryggsack-vaccum-soft-nylon\/","title":{"rendered":"Ryggs\u00e4ck Vaccum Soft Nylon"},"content":{"rendered":"<p>Ryggs\u00e4ck med vakuumfunktion tillverkad av nylon. Inkluderar 35 W vakuumpump. Den har ett utdragbart huvudfack med en inv\u00e4ndig vakuumficka. Det tredje facket har en ficka med flera f\u00f6rvaringsalternativ. Dessutom tv\u00e5 sm\u00e5 fickor p\u00e5 framsidan. Sidor med sp\u00e4nnen f\u00f6r justering. Vadderad rygg och remmar, samt rem f\u00f6r resv\u00e4ska. Handtag och grepp p\u00e5 ovansidan.<\/p>\n","protected":false},"excerpt":{"rendered":"<p>Ryggs\u00e4ck Vaccum Soft Nylon<\/p>\n","protected":false},"featured_media":2637,"comment_status":"closed","ping_status":"closed","template":"","meta":{"_acf_changed":false},"product_brand":[],"product_cat":[49,99],"product_tag":[],"class_list":{"0":"post-5667","1":"product","2":"type-product","3":"status-publish","4":"has-post-thumbnail","6":"product_cat-ryggsackar","7":"product_cat-offert","9":"first","10":"instock","11":"shipping-taxable","12":"purchasable","13":"product-type-simple"},"acf":[],"tiered_pricing_type":"fixed","tiered_pricing_fixed_rules":{"20":1229,"50":1026,"100":977,"250":922,"500":891},"tiered_pricing_product_settings":{"layout":"default","base_unit_name":{"singular":null,"plural":null},"default_variation":null},"tiered_pricing_minimum_quantity":null,"tiered_pricing_roles_data":[],"tiered_pricing_percentage_rules":[],"_links":{"self":[{"href":"https:\/\/laseregravyr.hemsida.eu\/index.php\/wp-json\/wp\/v2\/product\/5667","targetHints":{"allow":["GET"]}}],"collection":[{"href":"https:\/\/laseregravyr.hemsida.eu\/index.php\/wp-json\/wp\/v2\/product"}],"about":[{"href":"https:\/\/laseregravyr.hemsida.eu\/index.php\/wp-json\/wp\/v2\/types\/product"}],"replies":[{"embeddable":true,"href":"https:\/\/laseregravyr.hemsida.eu\/index.php\/wp-json\/wp\/v2\/comments?post=5667"}],"wp:featuredmedia":[{"embeddable":true,"href":"https:\/\/laseregravyr.hemsida.eu\/index.php\/wp-json\/wp\/v2\/media\/2637"}],"wp:attachment":[{"href":"https:\/\/laseregravyr.hemsida.eu\/index.php\/wp-json\/wp\/v2\/media?parent=5667"}],"wp:term":[{"taxonomy":"product_brand","embeddable":true,"href":"https:\/\/laseregravyr.hemsida.eu\/index.php\/wp-json\/wp\/v2\/product_brand?post=5667"},{"taxonomy":"product_cat","embeddable":true,"href":"https:\/\/laseregravyr.hemsida.eu\/index.php\/wp-json\/wp\/v2\/product_cat?post=5667"},{"taxonomy":"product_tag","embeddable":true,"href":"https:\/\/laseregravyr.hemsida.eu\/index.php\/wp-json\/wp\/v2\/product_tag?post=5667"}],"curies":[{"name":"wp","href":"https:\/\/api.w.org\/{rel}","templated":true}]}}