{"id":5506,"date":"2026-03-24T13:03:00","date_gmt":"2026-03-24T13:03:00","guid":{"rendered":"https:\/\/laseregravyr.hemsida.eu\/index.php\/product\/champagneglas-20-cl-2\/"},"modified":"2026-03-24T13:03:00","modified_gmt":"2026-03-24T13:03:00","slug":"champagneglas-20-cl-2","status":"publish","type":"product","link":"https:\/\/laseregravyr.hemsida.eu\/index.php\/product\/champagneglas-20-cl-2\/","title":{"rendered":"Champagneglas 20 cl"},"content":{"rendered":"<p>Detta glas subtila kurvor och runda former \u00e4r vackra att titta p\u00e5. P\u00e5 bordet ser den mjuk ut och utstr\u00e5lar delikat sk\u00f6nhet. Blyfri kristall. T\u00e5l maskindisk. 20cl<\/p>\n","protected":false},"excerpt":{"rendered":"<p>Detta glas subtila kurvor och runda former \u00e4r vackra att titta p\u00e5. P\u00e5 bordet ser den mjuk ut och utstr\u00e5lar [&hellip;]<\/p>\n","protected":false},"featured_media":5329,"comment_status":"closed","ping_status":"closed","template":"","meta":{"_acf_changed":false},"product_brand":[],"product_cat":[33],"product_tag":[],"class_list":{"0":"post-5506","1":"product","2":"type-product","3":"status-publish","4":"has-post-thumbnail","6":"product_cat-barglas","8":"first","9":"instock","10":"shipping-taxable","11":"purchasable","12":"product-type-simple"},"acf":[],"tiered_pricing_type":"fixed","tiered_pricing_fixed_rules":{"24":72,"72":60,"144":55,"288":49,"576":46},"tiered_pricing_product_settings":{"layout":"default","base_unit_name":{"singular":null,"plural":null},"default_variation":null},"tiered_pricing_minimum_quantity":null,"tiered_pricing_roles_data":[],"tiered_pricing_percentage_rules":[],"_links":{"self":[{"href":"https:\/\/laseregravyr.hemsida.eu\/index.php\/wp-json\/wp\/v2\/product\/5506","targetHints":{"allow":["GET"]}}],"collection":[{"href":"https:\/\/laseregravyr.hemsida.eu\/index.php\/wp-json\/wp\/v2\/product"}],"about":[{"href":"https:\/\/laseregravyr.hemsida.eu\/index.php\/wp-json\/wp\/v2\/types\/product"}],"replies":[{"embeddable":true,"href":"https:\/\/laseregravyr.hemsida.eu\/index.php\/wp-json\/wp\/v2\/comments?post=5506"}],"wp:featuredmedia":[{"embeddable":true,"href":"https:\/\/laseregravyr.hemsida.eu\/index.php\/wp-json\/wp\/v2\/media\/5329"}],"wp:attachment":[{"href":"https:\/\/laseregravyr.hemsida.eu\/index.php\/wp-json\/wp\/v2\/media?parent=5506"}],"wp:term":[{"taxonomy":"product_brand","embeddable":true,"href":"https:\/\/laseregravyr.hemsida.eu\/index.php\/wp-json\/wp\/v2\/product_brand?post=5506"},{"taxonomy":"product_cat","embeddable":true,"href":"https:\/\/laseregravyr.hemsida.eu\/index.php\/wp-json\/wp\/v2\/product_cat?post=5506"},{"taxonomy":"product_tag","embeddable":true,"href":"https:\/\/laseregravyr.hemsida.eu\/index.php\/wp-json\/wp\/v2\/product_tag?post=5506"}],"curies":[{"name":"wp","href":"https:\/\/api.w.org\/{rel}","templated":true}]}}