{"id":5505,"date":"2026-03-24T13:02:59","date_gmt":"2026-03-24T13:02:59","guid":{"rendered":"https:\/\/laseregravyr.hemsida.eu\/index.php\/product\/vinglas-60-cl\/"},"modified":"2026-03-24T13:03:00","modified_gmt":"2026-03-24T13:03:00","slug":"vinglas-60-cl","status":"publish","type":"product","link":"https:\/\/laseregravyr.hemsida.eu\/index.php\/product\/vinglas-60-cl\/","title":{"rendered":"Vinglas 60 cl"},"content":{"rendered":"<p>Vi presenterar de vackra, enkla och f\u00e4ngslande vinglas. Njut av varje droppe vin fr\u00e5n dessa lyxiga glas. F\u00f6r vardagsbruk eller speciella tillf\u00e4llen. T\u00e5l maskindisk. En smakfull present som utan tvekan kommer att gl\u00e4dja.. 20 cl.<\/p>\n","protected":false},"excerpt":{"rendered":"<p>Vi presenterar de vackra, enkla och f\u00e4ngslande vinglas. Njut av varje droppe vin fr\u00e5n dessa lyxiga glas. F\u00f6r vardagsbruk eller [&hellip;]<\/p>\n","protected":false},"featured_media":5336,"comment_status":"closed","ping_status":"closed","template":"","meta":{"_acf_changed":false},"product_brand":[],"product_cat":[18],"product_tag":[],"class_list":{"0":"post-5505","1":"product","2":"type-product","3":"status-publish","4":"has-post-thumbnail","6":"product_cat-vinglas","8":"first","9":"instock","10":"shipping-taxable","11":"purchasable","12":"product-type-simple"},"acf":[],"tiered_pricing_type":"fixed","tiered_pricing_fixed_rules":{"24":82,"72":69,"144":62,"288":56,"576":52},"tiered_pricing_product_settings":{"layout":"default","base_unit_name":{"singular":null,"plural":null},"default_variation":null},"tiered_pricing_minimum_quantity":null,"tiered_pricing_roles_data":[],"tiered_pricing_percentage_rules":[],"_links":{"self":[{"href":"https:\/\/laseregravyr.hemsida.eu\/index.php\/wp-json\/wp\/v2\/product\/5505","targetHints":{"allow":["GET"]}}],"collection":[{"href":"https:\/\/laseregravyr.hemsida.eu\/index.php\/wp-json\/wp\/v2\/product"}],"about":[{"href":"https:\/\/laseregravyr.hemsida.eu\/index.php\/wp-json\/wp\/v2\/types\/product"}],"replies":[{"embeddable":true,"href":"https:\/\/laseregravyr.hemsida.eu\/index.php\/wp-json\/wp\/v2\/comments?post=5505"}],"wp:featuredmedia":[{"embeddable":true,"href":"https:\/\/laseregravyr.hemsida.eu\/index.php\/wp-json\/wp\/v2\/media\/5336"}],"wp:attachment":[{"href":"https:\/\/laseregravyr.hemsida.eu\/index.php\/wp-json\/wp\/v2\/media?parent=5505"}],"wp:term":[{"taxonomy":"product_brand","embeddable":true,"href":"https:\/\/laseregravyr.hemsida.eu\/index.php\/wp-json\/wp\/v2\/product_brand?post=5505"},{"taxonomy":"product_cat","embeddable":true,"href":"https:\/\/laseregravyr.hemsida.eu\/index.php\/wp-json\/wp\/v2\/product_cat?post=5505"},{"taxonomy":"product_tag","embeddable":true,"href":"https:\/\/laseregravyr.hemsida.eu\/index.php\/wp-json\/wp\/v2\/product_tag?post=5505"}],"curies":[{"name":"wp","href":"https:\/\/api.w.org\/{rel}","templated":true}]}}