{"id":5498,"date":"2026-03-24T13:02:59","date_gmt":"2026-03-24T13:02:59","guid":{"rendered":"https:\/\/laseregravyr.hemsida.eu\/index.php\/product\/olglas-60-cl\/"},"modified":"2026-03-24T13:02:59","modified_gmt":"2026-03-24T13:02:59","slug":"olglas-60-cl","status":"publish","type":"product","link":"https:\/\/laseregravyr.hemsida.eu\/index.php\/product\/olglas-60-cl\/","title":{"rendered":"\u00d6lglas 60 cl"},"content":{"rendered":"<p>Dessa \u00f6lglas \u00e4r kvalitetsglas f\u00f6r alla tillf\u00e4llen. Deras enkla design och h\u00f6gkvalitativa hantverk kommer att gl\u00e4dja varje person.  De \u00e4r tillverkade av h\u00e5llbar blyfri kristall och t\u00e5l maskindisk. 60 cl<\/p>\n","protected":false},"excerpt":{"rendered":"<p>Dessa \u00f6lglas \u00e4r kvalitetsglas f\u00f6r alla tillf\u00e4llen. Deras enkla design och h\u00f6gkvalitativa hantverk kommer att gl\u00e4dja varje person. De \u00e4r [&hellip;]<\/p>\n","protected":false},"featured_media":5320,"comment_status":"closed","ping_status":"closed","template":"","meta":{"_acf_changed":false},"product_brand":[],"product_cat":[19],"product_tag":[],"class_list":{"0":"post-5498","1":"product","2":"type-product","3":"status-publish","4":"has-post-thumbnail","6":"product_cat-olglas","8":"first","9":"instock","10":"shipping-taxable","11":"purchasable","12":"product-type-simple"},"acf":[],"tiered_pricing_type":"fixed","tiered_pricing_fixed_rules":{"24":85,"72":72,"144":65,"288":58,"576":55},"tiered_pricing_product_settings":{"layout":"default","base_unit_name":{"singular":null,"plural":null},"default_variation":null},"tiered_pricing_minimum_quantity":null,"tiered_pricing_roles_data":[],"tiered_pricing_percentage_rules":[],"_links":{"self":[{"href":"https:\/\/laseregravyr.hemsida.eu\/index.php\/wp-json\/wp\/v2\/product\/5498","targetHints":{"allow":["GET"]}}],"collection":[{"href":"https:\/\/laseregravyr.hemsida.eu\/index.php\/wp-json\/wp\/v2\/product"}],"about":[{"href":"https:\/\/laseregravyr.hemsida.eu\/index.php\/wp-json\/wp\/v2\/types\/product"}],"replies":[{"embeddable":true,"href":"https:\/\/laseregravyr.hemsida.eu\/index.php\/wp-json\/wp\/v2\/comments?post=5498"}],"wp:featuredmedia":[{"embeddable":true,"href":"https:\/\/laseregravyr.hemsida.eu\/index.php\/wp-json\/wp\/v2\/media\/5320"}],"wp:attachment":[{"href":"https:\/\/laseregravyr.hemsida.eu\/index.php\/wp-json\/wp\/v2\/media?parent=5498"}],"wp:term":[{"taxonomy":"product_brand","embeddable":true,"href":"https:\/\/laseregravyr.hemsida.eu\/index.php\/wp-json\/wp\/v2\/product_brand?post=5498"},{"taxonomy":"product_cat","embeddable":true,"href":"https:\/\/laseregravyr.hemsida.eu\/index.php\/wp-json\/wp\/v2\/product_cat?post=5498"},{"taxonomy":"product_tag","embeddable":true,"href":"https:\/\/laseregravyr.hemsida.eu\/index.php\/wp-json\/wp\/v2\/product_tag?post=5498"}],"curies":[{"name":"wp","href":"https:\/\/api.w.org\/{rel}","templated":true}]}}