{"id":5478,"date":"2026-03-24T13:02:55","date_gmt":"2026-03-24T13:02:55","guid":{"rendered":"https:\/\/laseregravyr.hemsida.eu\/index.php\/product\/vinglas-35-cl\/"},"modified":"2026-03-27T12:55:32","modified_gmt":"2026-03-27T12:55:32","slug":"vinglas-35-cl","status":"publish","type":"product","link":"https:\/\/laseregravyr.hemsida.eu\/index.php\/product\/vinglas-35-cl\/","title":{"rendered":"Vinglas 35 cl"},"content":{"rendered":"<div class=\"wpb-content-wrapper\"><p>[vc_row][vc_column width=&#8221;1\/1&#8243;][vc_column_text uncode_shortcode_id=&#8221;140344&#8243;]Vi presenterar vackra, enkla och f\u00e4ngslande vinglas. Njut av varje droppe vin fr\u00e5n dessa lyxiga glas. F\u00f6r vardagsbruk eller speciella tillf\u00e4llen. T\u00e5l maskindisk. En smakfull present som utan tvekan kommer att gl\u00e4dja.. 35 cl.[\/vc_column_text][\/vc_column][\/vc_row]<\/p>\n<\/div>","protected":false},"excerpt":{"rendered":"<p>[vc_row][vc_column width=&#8221;1\/1&#8243;][vc_column_text uncode_shortcode_id=&#8221;140344&#8243;]Vi presenterar vackra, enkla och f\u00e4ngslande vinglas. Njut av varje droppe vin fr\u00e5n dessa lyxiga glas. F\u00f6r vardagsbruk [&hellip;]<\/p>\n","protected":false},"featured_media":5305,"comment_status":"closed","ping_status":"closed","template":"","meta":{"_acf_changed":false},"product_brand":[],"product_cat":[18],"product_tag":[],"class_list":{"0":"post-5478","1":"product","2":"type-product","3":"status-publish","4":"has-post-thumbnail","6":"product_cat-vinglas","8":"first","9":"instock","10":"shipping-taxable","11":"purchasable","12":"product-type-simple"},"acf":[],"tiered_pricing_type":"fixed","tiered_pricing_fixed_rules":{"24":67,"72":56,"144":51,"288":46,"576":43},"tiered_pricing_product_settings":{"layout":"default","base_unit_name":{"singular":null,"plural":null},"default_variation":null},"tiered_pricing_minimum_quantity":null,"tiered_pricing_roles_data":[],"tiered_pricing_percentage_rules":[],"_links":{"self":[{"href":"https:\/\/laseregravyr.hemsida.eu\/index.php\/wp-json\/wp\/v2\/product\/5478","targetHints":{"allow":["GET"]}}],"collection":[{"href":"https:\/\/laseregravyr.hemsida.eu\/index.php\/wp-json\/wp\/v2\/product"}],"about":[{"href":"https:\/\/laseregravyr.hemsida.eu\/index.php\/wp-json\/wp\/v2\/types\/product"}],"replies":[{"embeddable":true,"href":"https:\/\/laseregravyr.hemsida.eu\/index.php\/wp-json\/wp\/v2\/comments?post=5478"}],"wp:featuredmedia":[{"embeddable":true,"href":"https:\/\/laseregravyr.hemsida.eu\/index.php\/wp-json\/wp\/v2\/media\/5305"}],"wp:attachment":[{"href":"https:\/\/laseregravyr.hemsida.eu\/index.php\/wp-json\/wp\/v2\/media?parent=5478"}],"wp:term":[{"taxonomy":"product_brand","embeddable":true,"href":"https:\/\/laseregravyr.hemsida.eu\/index.php\/wp-json\/wp\/v2\/product_brand?post=5478"},{"taxonomy":"product_cat","embeddable":true,"href":"https:\/\/laseregravyr.hemsida.eu\/index.php\/wp-json\/wp\/v2\/product_cat?post=5478"},{"taxonomy":"product_tag","embeddable":true,"href":"https:\/\/laseregravyr.hemsida.eu\/index.php\/wp-json\/wp\/v2\/product_tag?post=5478"}],"curies":[{"name":"wp","href":"https:\/\/api.w.org\/{rel}","templated":true}]}}