{"id":5469,"date":"2026-03-24T13:02:54","date_gmt":"2026-03-24T13:02:54","guid":{"rendered":"https:\/\/laseregravyr.hemsida.eu\/index.php\/product\/vinglas-25-cl\/"},"modified":"2026-03-27T12:52:56","modified_gmt":"2026-03-27T12:52:56","slug":"vinglas-25-cl","status":"publish","type":"product","link":"https:\/\/laseregravyr.hemsida.eu\/index.php\/product\/vinglas-25-cl\/","title":{"rendered":"Vinglas 25 cl"},"content":{"rendered":"<p>Vi presenterar vackra, enkla och f\u00e4ngslande vinglas. Njut av varje droppe vin fr\u00e5n dessa lyxiga glas. F\u00f6r vardagsbruk eller speciella tillf\u00e4llen. T\u00e5l maskindisk. En smakfull present som utan tvekan kommer att gl\u00e4dja.. 25 cl.<\/p>\n","protected":false},"excerpt":{"rendered":"<p>Vi presenterar vackra, enkla och f\u00e4ngslande vinglas. Njut av varje droppe vin fr\u00e5n dessa lyxiga glas. F\u00f6r vardagsbruk eller speciella [&hellip;]<\/p>\n","protected":false},"featured_media":5289,"comment_status":"closed","ping_status":"closed","template":"","meta":{"_acf_changed":false},"product_brand":[],"product_cat":[18],"product_tag":[],"class_list":{"0":"post-5469","1":"product","2":"type-product","3":"status-publish","4":"has-post-thumbnail","6":"product_cat-vinglas","8":"first","9":"instock","10":"shipping-taxable","11":"purchasable","12":"product-type-simple"},"acf":[],"tiered_pricing_type":"fixed","tiered_pricing_fixed_rules":{"24":72,"72":60,"144":55,"288":49,"576":46},"tiered_pricing_product_settings":{"layout":"default","base_unit_name":{"singular":null,"plural":null},"default_variation":null},"tiered_pricing_minimum_quantity":null,"tiered_pricing_roles_data":[],"tiered_pricing_percentage_rules":[],"_links":{"self":[{"href":"https:\/\/laseregravyr.hemsida.eu\/index.php\/wp-json\/wp\/v2\/product\/5469","targetHints":{"allow":["GET"]}}],"collection":[{"href":"https:\/\/laseregravyr.hemsida.eu\/index.php\/wp-json\/wp\/v2\/product"}],"about":[{"href":"https:\/\/laseregravyr.hemsida.eu\/index.php\/wp-json\/wp\/v2\/types\/product"}],"replies":[{"embeddable":true,"href":"https:\/\/laseregravyr.hemsida.eu\/index.php\/wp-json\/wp\/v2\/comments?post=5469"}],"wp:featuredmedia":[{"embeddable":true,"href":"https:\/\/laseregravyr.hemsida.eu\/index.php\/wp-json\/wp\/v2\/media\/5289"}],"wp:attachment":[{"href":"https:\/\/laseregravyr.hemsida.eu\/index.php\/wp-json\/wp\/v2\/media?parent=5469"}],"wp:term":[{"taxonomy":"product_brand","embeddable":true,"href":"https:\/\/laseregravyr.hemsida.eu\/index.php\/wp-json\/wp\/v2\/product_brand?post=5469"},{"taxonomy":"product_cat","embeddable":true,"href":"https:\/\/laseregravyr.hemsida.eu\/index.php\/wp-json\/wp\/v2\/product_cat?post=5469"},{"taxonomy":"product_tag","embeddable":true,"href":"https:\/\/laseregravyr.hemsida.eu\/index.php\/wp-json\/wp\/v2\/product_tag?post=5469"}],"curies":[{"name":"wp","href":"https:\/\/api.w.org\/{rel}","templated":true}]}}