{"id":5010,"date":"2026-03-23T09:19:51","date_gmt":"2026-03-23T09:19:51","guid":{"rendered":"https:\/\/laseregravyr.hemsida.eu\/?post_type=product&#038;p=5010"},"modified":"2026-04-08T06:06:25","modified_gmt":"2026-04-08T06:06:25","slug":"solhatt-exclusive","status":"publish","type":"product","link":"https:\/\/laseregravyr.hemsida.eu\/index.php\/product\/solhatt-exclusive\/","title":{"rendered":"Solhatt Exclusive"},"content":{"rendered":"<div class=\"wpb-content-wrapper\"><p>[vc_row][vc_column][vc_column_text uncode_shortcode_id=&#8221;177507&#8243;]<\/p>\n<p data-start=\"51\" data-end=\"109\"><strong data-start=\"51\" data-end=\"107\">Stilren bob-hatt i bomull \u2013 perfekt f\u00f6r soliga dagar<\/strong><\/p>\n<p data-start=\"111\" data-end=\"337\">Ge din outfit en trendig touch med v\u00e5r klassiska bob-hatt i mjuk bomull. Den breda, ned\u00e5tlutande sk\u00e4rmen ger ett j\u00e4mnt och behagligt skydd mot solen, samtidigt som det l\u00e4tta och luftiga materialet h\u00e5ller dig sval hela dagen.<\/p>\n<p data-start=\"339\" data-end=\"538\">Hatten \u00e4r f\u00f6rsedd med ett mjukt foder och ett justerbart innerband som ger en bekv\u00e4m och personlig passform. Perfekt f\u00f6r allt fr\u00e5n stranddagar och citypromenader till avslappnade sommaraktiviteter.<\/p>\n<p data-start=\"540\" data-end=\"621\">En stilren accessoar som kombinerar funktion och mode \u2013 ett m\u00e5ste i garderoben!<\/p>\n<p>[\/vc_column_text][\/vc_column][\/vc_row]<\/p>\n<\/div>","protected":false},"excerpt":{"rendered":"<p data-start=\"51\" data-end=\"109\"><strong data-start=\"51\" data-end=\"107\">Stilren bob-hatt i bomull \u2013 perfekt f\u00f6r soliga dagar<\/strong><\/p>\n<p data-start=\"111\" data-end=\"337\">Ge din outfit en trendig touch med v\u00e5r klassiska bob-hatt i mjuk bomull. Den breda, ned\u00e5tlutande sk\u00e4rmen ger ett j\u00e4mnt och behagligt skydd mot solen, samtidigt som det l\u00e4tta och luftiga materialet h\u00e5ller dig sval hela dagen.<\/p>\n<p data-start=\"339\" data-end=\"538\">Hatten \u00e4r f\u00f6rsedd med ett mjukt foder och ett justerbart innerband som ger en bekv\u00e4m och personlig passform. Perfekt f\u00f6r allt fr\u00e5n stranddagar och citypromenader till avslappnade sommaraktiviteter.<\/p>\n<p data-start=\"540\" data-end=\"621\">En stilren accessoar som kombinerar funktion och mode \u2013 ett m\u00e5ste i garderoben!<\/p>\n","protected":false},"featured_media":5913,"comment_status":"closed","ping_status":"closed","template":"","meta":{"_acf_changed":false},"product_brand":[],"product_cat":[36],"product_tag":[],"class_list":{"0":"post-5010","1":"product","2":"type-product","3":"status-publish","4":"has-post-thumbnail","6":"product_cat-kepsar","8":"first","9":"instock","10":"shipping-taxable","11":"purchasable","12":"product-type-variable","13":"woocommerce-product-gallery--with-variation-gallery product-gallery-placeholder"},"acf":[],"tiered_pricing_type":"fixed","tiered_pricing_fixed_rules":[],"tiered_pricing_product_settings":{"layout":"default","base_unit_name":{"singular":null,"plural":null},"default_variation":null},"tiered_pricing_minimum_quantity":null,"tiered_pricing_roles_data":[],"tiered_pricing_percentage_rules":[],"_links":{"self":[{"href":"https:\/\/laseregravyr.hemsida.eu\/index.php\/wp-json\/wp\/v2\/product\/5010","targetHints":{"allow":["GET"]}}],"collection":[{"href":"https:\/\/laseregravyr.hemsida.eu\/index.php\/wp-json\/wp\/v2\/product"}],"about":[{"href":"https:\/\/laseregravyr.hemsida.eu\/index.php\/wp-json\/wp\/v2\/types\/product"}],"replies":[{"embeddable":true,"href":"https:\/\/laseregravyr.hemsida.eu\/index.php\/wp-json\/wp\/v2\/comments?post=5010"}],"wp:featuredmedia":[{"embeddable":true,"href":"https:\/\/laseregravyr.hemsida.eu\/index.php\/wp-json\/wp\/v2\/media\/5913"}],"wp:attachment":[{"href":"https:\/\/laseregravyr.hemsida.eu\/index.php\/wp-json\/wp\/v2\/media?parent=5010"}],"wp:term":[{"taxonomy":"product_brand","embeddable":true,"href":"https:\/\/laseregravyr.hemsida.eu\/index.php\/wp-json\/wp\/v2\/product_brand?post=5010"},{"taxonomy":"product_cat","embeddable":true,"href":"https:\/\/laseregravyr.hemsida.eu\/index.php\/wp-json\/wp\/v2\/product_cat?post=5010"},{"taxonomy":"product_tag","embeddable":true,"href":"https:\/\/laseregravyr.hemsida.eu\/index.php\/wp-json\/wp\/v2\/product_tag?post=5010"}],"curies":[{"name":"wp","href":"https:\/\/api.w.org\/{rel}","templated":true}]}}