{"id":2975,"date":"2026-02-17T19:47:58","date_gmt":"2026-02-17T19:47:58","guid":{"rendered":"https:\/\/laseregravyr.hemsida.eu\/?post_type=product&#038;p=2975"},"modified":"2026-04-10T09:05:10","modified_gmt":"2026-04-10T09:05:10","slug":"hogtalare-5w-light-up-2","status":"publish","type":"product","link":"https:\/\/laseregravyr.hemsida.eu\/index.php\/product\/hogtalare-5w-light-up-2\/","title":{"rendered":"H\u00f6gtalare 5w Light up"},"content":{"rendered":"<div class=\"flex flex-col text-sm pb-25\">\n<section class=\"text-token-text-primary w-full focus:outline-none [--shadow-height:45px] has-data-writing-block:pointer-events-none has-data-writing-block:-mt-(--shadow-height) has-data-writing-block:pt-(--shadow-height) [&amp;:has([data-writing-block])&gt;*]:pointer-events-auto scroll-mt-[calc(var(--header-height)+min(200px,max(70px,20svh)))]\" dir=\"auto\" data-turn-id=\"request-WEB:0c142c67-05cc-4e33-843a-2407dcf883c4-9\" data-testid=\"conversation-turn-20\" data-scroll-anchor=\"true\" data-turn=\"assistant\">\n<div class=\"text-base my-auto mx-auto pb-10 [--thread-content-margin:var(--thread-content-margin-xs,calc(var(--spacing)*4))] @w-sm\/main:[--thread-content-margin:var(--thread-content-margin-sm,calc(var(--spacing)*6))] @w-lg\/main:[--thread-content-margin:var(--thread-content-margin-lg,calc(var(--spacing)*16))] px-(--thread-content-margin)\">\n<div class=\"[--thread-content-max-width:40rem] @w-lg\/main:[--thread-content-max-width:48rem] mx-auto max-w-(--thread-content-max-width) flex-1 group\/turn-messages focus-visible:outline-hidden relative flex w-full min-w-0 flex-col agent-turn\">\n<div class=\"flex max-w-full flex-col gap-4 grow\">\n<div class=\"min-h-8 text-message relative flex w-full flex-col items-end gap-2 text-start break-words whitespace-normal outline-none keyboard-focused:focus-ring [.text-message+&amp;]:mt-1\" dir=\"auto\" tabindex=\"0\" data-message-author-role=\"assistant\" data-message-id=\"5438f9fb-1c68-447f-83aa-cc5de896a2e2\" data-message-model-slug=\"gpt-5-3\" data-turn-start-message=\"true\">\n<div class=\"flex w-full flex-col gap-1 empty:hidden\">\n<div class=\"markdown prose dark:prose-invert w-full wrap-break-word light markdown-new-styling\">\n<p data-start=\"0\" data-end=\"58\"><strong data-start=\"0\" data-end=\"58\">Bluetooth-h\u00f6gtalare \u2013 kraftfullt ljud med ljuseffekter<\/strong><\/p>\n<p data-start=\"60\" data-end=\"261\">Denna moderna Bluetooth-h\u00f6gtalare kombinerar imponerande ljudprestanda med stilren design och dynamiska ljuseffekter. Med Bluetooth 5.0 f\u00e5r du en stabil och smidig tr\u00e5dl\u00f6s anslutning till dina enheter.<\/p>\n<p data-start=\"263\" data-end=\"499\">H\u00f6gtalaren levererar ett kraftfullt ljud med 8 W uteffekt, samtidigt som de RGB-baserade ljusl\u00e4gena skapar en levande och st\u00e4mningsfull upplevelse. F\u00f6r extra profilering finns m\u00f6jlighet till upplyst logotyp som ger stark visuell effekt.<\/p>\n<p data-start=\"501\" data-end=\"729\">Den slitstarka tygkl\u00e4dda ytan tillsammans med gummerade reglage ger b\u00e5de h\u00e5llbarhet och en exklusiv k\u00e4nsla. H\u00f6gtalaren \u00e4r \u00e4ven utrustad med handsfree-funktion samt flera anslutningsm\u00f6jligheter som AUX-in, USB-A och SD-kortplats.<\/p>\n<p data-start=\"731\" data-end=\"840\">Det h\u00f6gpresterande batteriet ger l\u00e5ng speltid, och den praktiska silikon\u00f6glan g\u00f6r den enkel att b\u00e4ra med sig.<\/p>\n<p data-start=\"842\" data-end=\"857\"><strong data-start=\"842\" data-end=\"857\">Egenskaper:<\/strong><\/p>\n<ul data-start=\"858\" data-end=\"1152\" data-is-last-node=\"\" data-is-only-node=\"\">\n<li data-section-id=\"1c0w93\" data-start=\"858\" data-end=\"905\">Bluetooth 5.0 f\u00f6r stabil tr\u00e5dl\u00f6s anslutning<\/li>\n<li data-section-id=\"afunym\" data-start=\"906\" data-end=\"940\">M\u00f6jlighet till upplyst logotyp<\/li>\n<li data-section-id=\"13vmkpl\" data-start=\"941\" data-end=\"968\">Dynamiska RGB-ljusl\u00e4gen<\/li>\n<li data-section-id=\"z5zqjh\" data-start=\"969\" data-end=\"992\">8 W kraftfullt ljud<\/li>\n<li data-section-id=\"nlexve\" data-start=\"993\" data-end=\"1038\">Slitstark tygfinish och gummerade knappar<\/li>\n<li data-section-id=\"1dv3uqz\" data-start=\"1039\" data-end=\"1061\">Handsfree-funktion<\/li>\n<li data-section-id=\"xya9e4\" data-start=\"1062\" data-end=\"1096\">AUX-in, USB-A och SD-kortplats<\/li>\n<li data-section-id=\"21xe5x\" data-start=\"1097\" data-end=\"1123\">H\u00f6gpresterande batteri<\/li>\n<li data-section-id=\"1rsyar5\" data-start=\"1124\" data-end=\"1152\" data-is-last-node=\"\">Praktisk b\u00e4r\u00f6gla i silikon<\/li>\n<\/ul>\n<\/div>\n<\/div>\n<\/div>\n<\/div>\n<div class=\"z-0 flex min-h-[46px] justify-start\"><\/div>\n<\/div>\n<\/div>\n<\/section>\n<\/div>\n","protected":false},"excerpt":{"rendered":"<p>H\u00f6gtalare 5w Light up<\/p>\n","protected":false},"featured_media":5984,"comment_status":"closed","ping_status":"closed","template":"","meta":{"_acf_changed":false},"product_brand":[],"product_cat":[43,45],"product_tag":[],"class_list":{"0":"post-2975","1":"product","2":"type-product","3":"status-publish","4":"has-post-thumbnail","6":"product_cat-mobiltillbehor","7":"product_cat-hogtalare","9":"first","10":"outofstock","11":"shipping-taxable","12":"product-type-simple"},"acf":[],"tiered_pricing_type":"fixed","tiered_pricing_fixed_rules":[],"tiered_pricing_product_settings":{"layout":"default","base_unit_name":{"singular":null,"plural":null},"default_variation":null},"tiered_pricing_minimum_quantity":null,"tiered_pricing_roles_data":[],"tiered_pricing_percentage_rules":[],"_links":{"self":[{"href":"https:\/\/laseregravyr.hemsida.eu\/index.php\/wp-json\/wp\/v2\/product\/2975","targetHints":{"allow":["GET"]}}],"collection":[{"href":"https:\/\/laseregravyr.hemsida.eu\/index.php\/wp-json\/wp\/v2\/product"}],"about":[{"href":"https:\/\/laseregravyr.hemsida.eu\/index.php\/wp-json\/wp\/v2\/types\/product"}],"replies":[{"embeddable":true,"href":"https:\/\/laseregravyr.hemsida.eu\/index.php\/wp-json\/wp\/v2\/comments?post=2975"}],"wp:featuredmedia":[{"embeddable":true,"href":"https:\/\/laseregravyr.hemsida.eu\/index.php\/wp-json\/wp\/v2\/media\/5984"}],"wp:attachment":[{"href":"https:\/\/laseregravyr.hemsida.eu\/index.php\/wp-json\/wp\/v2\/media?parent=2975"}],"wp:term":[{"taxonomy":"product_brand","embeddable":true,"href":"https:\/\/laseregravyr.hemsida.eu\/index.php\/wp-json\/wp\/v2\/product_brand?post=2975"},{"taxonomy":"product_cat","embeddable":true,"href":"https:\/\/laseregravyr.hemsida.eu\/index.php\/wp-json\/wp\/v2\/product_cat?post=2975"},{"taxonomy":"product_tag","embeddable":true,"href":"https:\/\/laseregravyr.hemsida.eu\/index.php\/wp-json\/wp\/v2\/product_tag?post=2975"}],"curies":[{"name":"wp","href":"https:\/\/api.w.org\/{rel}","templated":true}]}}