{"id":2506,"date":"2026-02-17T19:10:50","date_gmt":"2026-02-17T19:10:50","guid":{"rendered":"https:\/\/laseregravyr.hemsida.eu\/?post_type=product&#038;p=2506"},"modified":"2026-03-27T12:42:43","modified_gmt":"2026-03-27T12:42:43","slug":"snap-curved","status":"publish","type":"product","link":"https:\/\/laseregravyr.hemsida.eu\/index.php\/product\/snap-curved\/","title":{"rendered":"Snap Curved"},"content":{"rendered":"<div class=\"wpb-content-wrapper\"><p>[vc_row][vc_column][vc_column_text uncode_shortcode_id=&#8221;145687&#8243;]Keps i snapback-stil med l\u00e4tt f\u00f6rb\u00f6jd sk\u00e4rm. Materialet \u00e4r tio procent bomull, tre procent spandex och resten polyester.[\/vc_column_text][\/vc_column][\/vc_row]<\/p>\n<\/div>","protected":false},"excerpt":{"rendered":"<p>Keps Snap Curved<\/p>\n","protected":false},"featured_media":3681,"comment_status":"closed","ping_status":"closed","template":"","meta":{"_acf_changed":false},"product_brand":[],"product_cat":[36],"product_tag":[],"class_list":{"0":"post-2506","1":"product","2":"type-product","3":"status-publish","4":"has-post-thumbnail","6":"product_cat-kepsar","8":"first","9":"instock","10":"shipping-taxable","11":"purchasable","12":"product-type-variable"},"acf":[],"tiered_pricing_type":"fixed","tiered_pricing_fixed_rules":[],"tiered_pricing_product_settings":{"layout":"default","base_unit_name":{"singular":null,"plural":null},"default_variation":null},"tiered_pricing_minimum_quantity":null,"tiered_pricing_roles_data":[],"tiered_pricing_percentage_rules":[],"_links":{"self":[{"href":"https:\/\/laseregravyr.hemsida.eu\/index.php\/wp-json\/wp\/v2\/product\/2506","targetHints":{"allow":["GET"]}}],"collection":[{"href":"https:\/\/laseregravyr.hemsida.eu\/index.php\/wp-json\/wp\/v2\/product"}],"about":[{"href":"https:\/\/laseregravyr.hemsida.eu\/index.php\/wp-json\/wp\/v2\/types\/product"}],"replies":[{"embeddable":true,"href":"https:\/\/laseregravyr.hemsida.eu\/index.php\/wp-json\/wp\/v2\/comments?post=2506"}],"wp:featuredmedia":[{"embeddable":true,"href":"https:\/\/laseregravyr.hemsida.eu\/index.php\/wp-json\/wp\/v2\/media\/3681"}],"wp:attachment":[{"href":"https:\/\/laseregravyr.hemsida.eu\/index.php\/wp-json\/wp\/v2\/media?parent=2506"}],"wp:term":[{"taxonomy":"product_brand","embeddable":true,"href":"https:\/\/laseregravyr.hemsida.eu\/index.php\/wp-json\/wp\/v2\/product_brand?post=2506"},{"taxonomy":"product_cat","embeddable":true,"href":"https:\/\/laseregravyr.hemsida.eu\/index.php\/wp-json\/wp\/v2\/product_cat?post=2506"},{"taxonomy":"product_tag","embeddable":true,"href":"https:\/\/laseregravyr.hemsida.eu\/index.php\/wp-json\/wp\/v2\/product_tag?post=2506"}],"curies":[{"name":"wp","href":"https:\/\/api.w.org\/{rel}","templated":true}]}}