{"id":1610,"date":"2026-02-16T09:33:33","date_gmt":"2026-02-16T09:33:33","guid":{"rendered":"https:\/\/laseregravyr.hemsida.eu\/?post_type=product&#038;p=1610"},"modified":"2026-03-26T07:43:32","modified_gmt":"2026-03-26T07:43:32","slug":"thermosmugg-500ml","status":"publish","type":"product","link":"https:\/\/laseregravyr.hemsida.eu\/index.php\/product\/thermosmugg-500ml\/","title":{"rendered":"Thermosmugg 500ml"},"content":{"rendered":"<p>Thermosmuggen med dubbelv\u00e4gg. Tillverkad av rostfritt st\u00e5l med ett vakuum mellan v\u00e4ggarna. Den har en rem f\u00f6r \u00f6kad anv\u00e4ndarv\u00e4nlighet. H\u00e5ller temperaturen p\u00e5 varma drycker i upp till 20 timmar.<\/p>\n","protected":false},"excerpt":{"rendered":"<p>Thermosmugg 500ml<\/p>\n","protected":false},"featured_media":4926,"comment_status":"closed","ping_status":"closed","template":"","meta":{"_acf_changed":false},"product_brand":[],"product_cat":[17],"product_tag":[],"class_list":{"0":"post-1610","1":"product","2":"type-product","3":"status-publish","4":"has-post-thumbnail","6":"product_cat-thermosmuggar","8":"first","9":"instock","10":"shipping-taxable","11":"purchasable","12":"product-type-variable"},"acf":[],"tiered_pricing_type":"fixed","tiered_pricing_fixed_rules":[],"tiered_pricing_product_settings":{"layout":"default","base_unit_name":{"singular":null,"plural":null},"default_variation":null},"tiered_pricing_minimum_quantity":null,"tiered_pricing_roles_data":[],"tiered_pricing_percentage_rules":[],"_links":{"self":[{"href":"https:\/\/laseregravyr.hemsida.eu\/index.php\/wp-json\/wp\/v2\/product\/1610","targetHints":{"allow":["GET"]}}],"collection":[{"href":"https:\/\/laseregravyr.hemsida.eu\/index.php\/wp-json\/wp\/v2\/product"}],"about":[{"href":"https:\/\/laseregravyr.hemsida.eu\/index.php\/wp-json\/wp\/v2\/types\/product"}],"replies":[{"embeddable":true,"href":"https:\/\/laseregravyr.hemsida.eu\/index.php\/wp-json\/wp\/v2\/comments?post=1610"}],"wp:featuredmedia":[{"embeddable":true,"href":"https:\/\/laseregravyr.hemsida.eu\/index.php\/wp-json\/wp\/v2\/media\/4926"}],"wp:attachment":[{"href":"https:\/\/laseregravyr.hemsida.eu\/index.php\/wp-json\/wp\/v2\/media?parent=1610"}],"wp:term":[{"taxonomy":"product_brand","embeddable":true,"href":"https:\/\/laseregravyr.hemsida.eu\/index.php\/wp-json\/wp\/v2\/product_brand?post=1610"},{"taxonomy":"product_cat","embeddable":true,"href":"https:\/\/laseregravyr.hemsida.eu\/index.php\/wp-json\/wp\/v2\/product_cat?post=1610"},{"taxonomy":"product_tag","embeddable":true,"href":"https:\/\/laseregravyr.hemsida.eu\/index.php\/wp-json\/wp\/v2\/product_tag?post=1610"}],"curies":[{"name":"wp","href":"https:\/\/api.w.org\/{rel}","templated":true}]}}